{"id":7166,"date":"2023-06-06T00:40:15","date_gmt":"2023-06-05T22:40:15","guid":{"rendered":"https:\/\/festivalenluquecidos.com\/web2\/?page_id=7166"},"modified":"2023-06-06T01:30:13","modified_gmt":"2023-06-05T23:30:13","slug":"enluquecidos","status":"publish","type":"page","link":"https:\/\/festivalenluquecidos.com\/web2\/enluquecidos\/","title":{"rendered":"ENLUQUECIDOS"},"content":{"rendered":"\t\t<div data-elementor-type=\"wp-page\" data-elementor-id=\"7166\" class=\"elementor elementor-7166\">\n\t\t\t\t\t\t<section class=\"elementor-section elementor-top-section elementor-element elementor-element-87ca23f elementor-section-full_width qodef-elementor-content-grid qodef-extended-grid qodef-extended-grid--left elementor-section-height-default elementor-section-height-default\" data-id=\"87ca23f\" data-element_type=\"section\" data-e-type=\"section\">\n\t\t\t\t\t\t<div class=\"elementor-container elementor-column-gap-default\">\n\t\t\t\t\t<div class=\"elementor-column elementor-col-50 elementor-top-column elementor-element elementor-element-16e831d\" data-id=\"16e831d\" data-element_type=\"column\" data-e-type=\"column\">\n\t\t\t<div class=\"elementor-widget-wrap elementor-element-populated\">\n\t\t\t\t\t\t<div class=\"elementor-element elementor-element-8e91766 elementor-widget elementor-widget-text-editor\" data-id=\"8e91766\" data-element_type=\"widget\" data-e-type=\"widget\" data-widget_type=\"text-editor.default\">\n\t\t\t\t<div class=\"elementor-widget-container\">\n\t\t\t\t\t\t\t\t\t<h5><span style=\"color: #ff0000;\">Qui\u00e9nes estamos enluquecidos<\/span><\/h5>\t\t\t\t\t\t\t\t<\/div>\n\t\t\t\t<\/div>\n\t\t\t\t\t<\/div>\n\t\t<\/div>\n\t\t\t\t<div class=\"elementor-column elementor-col-50 elementor-top-column elementor-element elementor-element-6ab16d7 qodef-animated-section\" data-id=\"6ab16d7\" data-element_type=\"column\" data-e-type=\"column\">\n\t\t\t<div class=\"elementor-widget-wrap elementor-element-populated\">\n\t\t\t\t\t\t<div class=\"elementor-element elementor-element-76c0488 elementor-widget__width-initial elementor-widget elementor-widget-text-editor\" data-id=\"76c0488\" data-element_type=\"widget\" data-e-type=\"widget\" data-widget_type=\"text-editor.default\">\n\t\t\t\t<div class=\"elementor-widget-container\">\n\t\t\t\t\t\t\t\t\t<p>Lo de incluir una especie de \u00bfQui\u00e9nes somos? Lo hemos visto en las dem\u00e1s webs de festivales de por aqu\u00ed\u2026 de ah\u00ed viene la cosa<\/p><p>El colectivo \u201cEnluquecidos\u201d de Luco de Jiloca es una asociaci\u00f3n cultural sin \u00e1nimo de lucro legalmente constituida y registrada, conformada por un grupo de personas, residentes y no residentes habituales en Luco de Jiloca, con diversas inquietudes art\u00edsticas y creativas, cuyo fin es difundir una nueva oferta cultural y de ocio alternativo orientada principalmente al humor.<\/p><p>Desde nuestra agrupaci\u00f3n pretendemos, entre otras cosas, dinamizar las zona y presentar el mundo rural como una alternativa real cultural y divertida para el ocio, haciendo part\u00edcipes al mayor n\u00famero de personas de nuestra propuesta, no tan solo como espectadores, sino tambi\u00e9n, en lo posible, como agentes activos.<\/p>\t\t\t\t\t\t\t\t<\/div>\n\t\t\t\t<\/div>\n\t\t\t\t\t<\/div>\n\t\t<\/div>\n\t\t\t\t\t<\/div>\n\t\t<\/section>\n\t\t\t\t<section class=\"elementor-section elementor-top-section elementor-element elementor-element-6f3c4e2 elementor-section-full_width qodef-elementor-content-grid qodef-extended-grid qodef-extended-grid--left elementor-section-height-default elementor-section-height-default\" data-id=\"6f3c4e2\" data-element_type=\"section\" data-e-type=\"section\">\n\t\t\t\t\t\t<div class=\"elementor-container elementor-column-gap-default\">\n\t\t\t\t\t<div class=\"elementor-column elementor-col-50 elementor-top-column elementor-element elementor-element-b95bfea\" data-id=\"b95bfea\" data-element_type=\"column\" data-e-type=\"column\">\n\t\t\t<div class=\"elementor-widget-wrap elementor-element-populated\">\n\t\t\t\t\t\t<div class=\"elementor-element elementor-element-c013f8a elementor-widget elementor-widget-text-editor\" data-id=\"c013f8a\" data-element_type=\"widget\" data-e-type=\"widget\" data-widget_type=\"text-editor.default\">\n\t\t\t\t<div class=\"elementor-widget-container\">\n\t\t\t\t\t\t\t\t\t<h5><span style=\"color: #ff0000;\">El festival \u00abENLUQUECIDOS\u00bb<\/span><\/h5>\t\t\t\t\t\t\t\t<\/div>\n\t\t\t\t<\/div>\n\t\t\t\t\t<\/div>\n\t\t<\/div>\n\t\t\t\t<div class=\"elementor-column elementor-col-50 elementor-top-column elementor-element elementor-element-b00ab14 qodef-animated-section\" data-id=\"b00ab14\" data-element_type=\"column\" data-e-type=\"column\">\n\t\t\t<div class=\"elementor-widget-wrap elementor-element-populated\">\n\t\t\t\t\t\t<div class=\"elementor-element elementor-element-8eaa20a elementor-widget elementor-widget-text-editor\" data-id=\"8eaa20a\" data-element_type=\"widget\" data-e-type=\"widget\" data-widget_type=\"text-editor.default\">\n\t\t\t\t<div class=\"elementor-widget-container\">\n\t\t\t\t\t\t\t\t\t<p><strong>Enluquecidos<\/strong> pretende crear un tejido social y colaborativo con diferentes entidades y organizaciones, con el fin de mantener un di\u00e1logo constante y v\u00ednculos permanentes que favorezcan el impulso de este tipo de pr\u00e1cticas culturales y de entretenimiento, capaces de fomentar nuevas formas de ocio.<\/p><p>\u201c<strong>Enluquecidos<\/strong>\u201d es pues, el nombre del \u00ab<strong>Festival de \u00abmucho\u00bb Humor de Luco de Jiloca<\/strong>\u00bb en el que pretendemos volcar estos objetivos. El Festival va dirigido a todo aquel que quiera pasar un fin de semana divertido en la comarca del Jiloca, y en especial en Luco de Jiloca donde se centran todas las actividades.<\/p><p><strong>Enluquecidos<\/strong> est\u00e1 basado en actividades relacionadas directamente con el humor en todas sus formas, desde el punto de vista de la m\u00fasica, el \u00abstand-up\u00bb, charlas, talleres para ni\u00f1os, muestras de humor gr\u00e1fico, teatro&#8230;todas las disciplinas que en fondo o forma est\u00e1n relacionadas con la propuesta que planteamos.<\/p><p>Desde <strong>Enluquecidos<\/strong> pretendemos que a lo largo de sucesivas ediciones de car\u00e1cter anual, el festival sirva de lugar de encuentro y de generaci\u00f3n de lazos entre los participantes y los habitantes de la zona, y que se consolide como un espacio con potencial, hasta el punto de que gente de fuera de la comarca, acuda adrede al Jiloca para disfrutar del Festival, convirti\u00e9ndose en un atractivo tur\u00edstico m\u00e1s de \u00ab<strong>La Espa\u00f1a vaciada<\/strong>\u00ab, a nivel cultural y de entretenimiento.<\/p><p>Queremos desde la diversi\u00f3n organizar un fin de semana familiar con la intenci\u00f3n de dar a conocer los atractivos del Jiloca, dinamizar y apostar por <strong>una oferta diferente<\/strong> ligada a la diversi\u00f3n y con la sana intenci\u00f3n final de que todo el mundo venga, principalmente, a \u201cpasarlo bien\u201d.<\/p>\t\t\t\t\t\t\t\t<\/div>\n\t\t\t\t<\/div>\n\t\t\t\t\t<\/div>\n\t\t<\/div>\n\t\t\t\t\t<\/div>\n\t\t<\/section>\n\t\t\t\t<\/div>\n\t\t","protected":false},"excerpt":{"rendered":"<p>Qui\u00e9nes estamos enluquecidos Lo de incluir una especie de \u00bfQui\u00e9nes somos? Lo hemos visto en las dem\u00e1s webs de festivales de por aqu\u00ed\u2026 de ah\u00ed viene la cosa El colectivo \u201cEnluquecidos\u201d de Luco de Jiloca es una asociaci\u00f3n cultural sin \u00e1nimo de lucro legalmente constituida y registrada, conformada por un grupo de personas, residentes y [&hellip;]<\/p>\n","protected":false},"author":1,"featured_media":0,"parent":0,"menu_order":0,"comment_status":"closed","ping_status":"closed","template":"","meta":{"footnotes":""},"class_list":["post-7166","page","type-page","status-publish","hentry"],"yoast_head":"<!-- This site is optimized with the Yoast SEO plugin v27.5 - https:\/\/yoast.com\/product\/yoast-seo-wordpress\/ -->\n<title>ENLUQUECIDOS - II Festival Enluquecidos<\/title>\n<meta name=\"robots\" content=\"index, follow, max-snippet:-1, max-image-preview:large, max-video-preview:-1\" \/>\n<link rel=\"canonical\" href=\"https:\/\/festivalenluquecidos.com\/web2\/enluquecidos\/\" \/>\n<meta property=\"og:locale\" content=\"es_ES\" \/>\n<meta property=\"og:type\" content=\"article\" \/>\n<meta property=\"og:title\" content=\"ENLUQUECIDOS - II Festival Enluquecidos\" \/>\n<meta property=\"og:description\" content=\"Qui\u00e9nes estamos enluquecidos Lo de incluir una especie de \u00bfQui\u00e9nes somos? Lo hemos visto en las dem\u00e1s webs de festivales de por aqu\u00ed\u2026 de ah\u00ed viene la cosa El colectivo \u201cEnluquecidos\u201d de Luco de Jiloca es una asociaci\u00f3n cultural sin \u00e1nimo de lucro legalmente constituida y registrada, conformada por un grupo de personas, residentes y [&hellip;]\" \/>\n<meta property=\"og:url\" content=\"https:\/\/festivalenluquecidos.com\/web2\/enluquecidos\/\" \/>\n<meta property=\"og:site_name\" content=\"II Festival Enluquecidos\" \/>\n<meta property=\"article:publisher\" content=\"https:\/\/www.facebook.com\/festivalenluquecidos\" \/>\n<meta property=\"article:modified_time\" content=\"2023-06-05T23:30:13+00:00\" \/>\n<meta name=\"twitter:card\" content=\"summary_large_image\" \/>\n<meta name=\"twitter:label1\" content=\"Tiempo de lectura\" \/>\n\t<meta name=\"twitter:data1\" content=\"2 minutos\" \/>\n<script type=\"application\/ld+json\" class=\"yoast-schema-graph\">{\"@context\":\"https:\\\/\\\/schema.org\",\"@graph\":[{\"@type\":\"WebPage\",\"@id\":\"https:\\\/\\\/festivalenluquecidos.com\\\/web2\\\/enluquecidos\\\/\",\"url\":\"https:\\\/\\\/festivalenluquecidos.com\\\/web2\\\/enluquecidos\\\/\",\"name\":\"ENLUQUECIDOS - II Festival Enluquecidos\",\"isPartOf\":{\"@id\":\"https:\\\/\\\/festivalenluquecidos.com\\\/web2\\\/#website\"},\"datePublished\":\"2023-06-05T22:40:15+00:00\",\"dateModified\":\"2023-06-05T23:30:13+00:00\",\"breadcrumb\":{\"@id\":\"https:\\\/\\\/festivalenluquecidos.com\\\/web2\\\/enluquecidos\\\/#breadcrumb\"},\"inLanguage\":\"es\",\"potentialAction\":[{\"@type\":\"ReadAction\",\"target\":[\"https:\\\/\\\/festivalenluquecidos.com\\\/web2\\\/enluquecidos\\\/\"]}]},{\"@type\":\"BreadcrumbList\",\"@id\":\"https:\\\/\\\/festivalenluquecidos.com\\\/web2\\\/enluquecidos\\\/#breadcrumb\",\"itemListElement\":[{\"@type\":\"ListItem\",\"position\":1,\"name\":\"Home\",\"item\":\"https:\\\/\\\/festivalenluquecidos.com\\\/web2\\\/\"},{\"@type\":\"ListItem\",\"position\":2,\"name\":\"ENLUQUECIDOS\"}]},{\"@type\":\"WebSite\",\"@id\":\"https:\\\/\\\/festivalenluquecidos.com\\\/web2\\\/#website\",\"url\":\"https:\\\/\\\/festivalenluquecidos.com\\\/web2\\\/\",\"name\":\"II Festival Enluquecidos\",\"description\":\"Del 1 al 3 de septiembre Luco de Jiloca, Teruel\",\"publisher\":{\"@id\":\"https:\\\/\\\/festivalenluquecidos.com\\\/web2\\\/#organization\"},\"potentialAction\":[{\"@type\":\"SearchAction\",\"target\":{\"@type\":\"EntryPoint\",\"urlTemplate\":\"https:\\\/\\\/festivalenluquecidos.com\\\/web2\\\/?s={search_term_string}\"},\"query-input\":{\"@type\":\"PropertyValueSpecification\",\"valueRequired\":true,\"valueName\":\"search_term_string\"}}],\"inLanguage\":\"es\"},{\"@type\":\"Organization\",\"@id\":\"https:\\\/\\\/festivalenluquecidos.com\\\/web2\\\/#organization\",\"name\":\"II Festival Enluquecidos\",\"url\":\"https:\\\/\\\/festivalenluquecidos.com\\\/web2\\\/\",\"logo\":{\"@type\":\"ImageObject\",\"inLanguage\":\"es\",\"@id\":\"https:\\\/\\\/festivalenluquecidos.com\\\/web2\\\/#\\\/schema\\\/logo\\\/image\\\/\",\"url\":\"https:\\\/\\\/i0.wp.com\\\/festivalenluquecidos.com\\\/web2\\\/wp-content\\\/uploads\\\/2022\\\/11\\\/logo-enluquecidos.png?fit=370%2C175&ssl=1\",\"contentUrl\":\"https:\\\/\\\/i0.wp.com\\\/festivalenluquecidos.com\\\/web2\\\/wp-content\\\/uploads\\\/2022\\\/11\\\/logo-enluquecidos.png?fit=370%2C175&ssl=1\",\"width\":370,\"height\":175,\"caption\":\"II Festival Enluquecidos\"},\"image\":{\"@id\":\"https:\\\/\\\/festivalenluquecidos.com\\\/web2\\\/#\\\/schema\\\/logo\\\/image\\\/\"},\"sameAs\":[\"https:\\\/\\\/www.facebook.com\\\/festivalenluquecidos\",\"https:\\\/\\\/www.instagram.com\\\/festivalenluquecidos\\\/\"]}]}<\/script>\n<!-- \/ Yoast SEO plugin. -->","yoast_head_json":{"title":"ENLUQUECIDOS - II Festival Enluquecidos","robots":{"index":"index","follow":"follow","max-snippet":"max-snippet:-1","max-image-preview":"max-image-preview:large","max-video-preview":"max-video-preview:-1"},"canonical":"https:\/\/festivalenluquecidos.com\/web2\/enluquecidos\/","og_locale":"es_ES","og_type":"article","og_title":"ENLUQUECIDOS - II Festival Enluquecidos","og_description":"Qui\u00e9nes estamos enluquecidos Lo de incluir una especie de \u00bfQui\u00e9nes somos? Lo hemos visto en las dem\u00e1s webs de festivales de por aqu\u00ed\u2026 de ah\u00ed viene la cosa El colectivo \u201cEnluquecidos\u201d de Luco de Jiloca es una asociaci\u00f3n cultural sin \u00e1nimo de lucro legalmente constituida y registrada, conformada por un grupo de personas, residentes y [&hellip;]","og_url":"https:\/\/festivalenluquecidos.com\/web2\/enluquecidos\/","og_site_name":"II Festival Enluquecidos","article_publisher":"https:\/\/www.facebook.com\/festivalenluquecidos","article_modified_time":"2023-06-05T23:30:13+00:00","twitter_card":"summary_large_image","twitter_misc":{"Tiempo de lectura":"2 minutos"},"schema":{"@context":"https:\/\/schema.org","@graph":[{"@type":"WebPage","@id":"https:\/\/festivalenluquecidos.com\/web2\/enluquecidos\/","url":"https:\/\/festivalenluquecidos.com\/web2\/enluquecidos\/","name":"ENLUQUECIDOS - II Festival Enluquecidos","isPartOf":{"@id":"https:\/\/festivalenluquecidos.com\/web2\/#website"},"datePublished":"2023-06-05T22:40:15+00:00","dateModified":"2023-06-05T23:30:13+00:00","breadcrumb":{"@id":"https:\/\/festivalenluquecidos.com\/web2\/enluquecidos\/#breadcrumb"},"inLanguage":"es","potentialAction":[{"@type":"ReadAction","target":["https:\/\/festivalenluquecidos.com\/web2\/enluquecidos\/"]}]},{"@type":"BreadcrumbList","@id":"https:\/\/festivalenluquecidos.com\/web2\/enluquecidos\/#breadcrumb","itemListElement":[{"@type":"ListItem","position":1,"name":"Home","item":"https:\/\/festivalenluquecidos.com\/web2\/"},{"@type":"ListItem","position":2,"name":"ENLUQUECIDOS"}]},{"@type":"WebSite","@id":"https:\/\/festivalenluquecidos.com\/web2\/#website","url":"https:\/\/festivalenluquecidos.com\/web2\/","name":"II Festival Enluquecidos","description":"Del 1 al 3 de septiembre Luco de Jiloca, Teruel","publisher":{"@id":"https:\/\/festivalenluquecidos.com\/web2\/#organization"},"potentialAction":[{"@type":"SearchAction","target":{"@type":"EntryPoint","urlTemplate":"https:\/\/festivalenluquecidos.com\/web2\/?s={search_term_string}"},"query-input":{"@type":"PropertyValueSpecification","valueRequired":true,"valueName":"search_term_string"}}],"inLanguage":"es"},{"@type":"Organization","@id":"https:\/\/festivalenluquecidos.com\/web2\/#organization","name":"II Festival Enluquecidos","url":"https:\/\/festivalenluquecidos.com\/web2\/","logo":{"@type":"ImageObject","inLanguage":"es","@id":"https:\/\/festivalenluquecidos.com\/web2\/#\/schema\/logo\/image\/","url":"https:\/\/i0.wp.com\/festivalenluquecidos.com\/web2\/wp-content\/uploads\/2022\/11\/logo-enluquecidos.png?fit=370%2C175&ssl=1","contentUrl":"https:\/\/i0.wp.com\/festivalenluquecidos.com\/web2\/wp-content\/uploads\/2022\/11\/logo-enluquecidos.png?fit=370%2C175&ssl=1","width":370,"height":175,"caption":"II Festival Enluquecidos"},"image":{"@id":"https:\/\/festivalenluquecidos.com\/web2\/#\/schema\/logo\/image\/"},"sameAs":["https:\/\/www.facebook.com\/festivalenluquecidos","https:\/\/www.instagram.com\/festivalenluquecidos\/"]}]}},"_links":{"self":[{"href":"https:\/\/festivalenluquecidos.com\/web2\/wp-json\/wp\/v2\/pages\/7166","targetHints":{"allow":["GET"]}}],"collection":[{"href":"https:\/\/festivalenluquecidos.com\/web2\/wp-json\/wp\/v2\/pages"}],"about":[{"href":"https:\/\/festivalenluquecidos.com\/web2\/wp-json\/wp\/v2\/types\/page"}],"author":[{"embeddable":true,"href":"https:\/\/festivalenluquecidos.com\/web2\/wp-json\/wp\/v2\/users\/1"}],"replies":[{"embeddable":true,"href":"https:\/\/festivalenluquecidos.com\/web2\/wp-json\/wp\/v2\/comments?post=7166"}],"version-history":[{"count":20,"href":"https:\/\/festivalenluquecidos.com\/web2\/wp-json\/wp\/v2\/pages\/7166\/revisions"}],"predecessor-version":[{"id":7209,"href":"https:\/\/festivalenluquecidos.com\/web2\/wp-json\/wp\/v2\/pages\/7166\/revisions\/7209"}],"wp:attachment":[{"href":"https:\/\/festivalenluquecidos.com\/web2\/wp-json\/wp\/v2\/media?parent=7166"}],"curies":[{"name":"wp","href":"https:\/\/api.w.org\/{rel}","templated":true}]}}