{"id":3942,"date":"2022-11-30T13:28:59","date_gmt":"2022-11-30T13:28:59","guid":{"rendered":"https:\/\/bluhen.qodeinteractive.com\/?page_id=3942"},"modified":"2023-06-09T20:22:22","modified_gmt":"2023-06-09T18:22:22","slug":"luco-de-jiloca","status":"publish","type":"page","link":"https:\/\/festivalenluquecidos.com\/web2\/luco-de-jiloca\/","title":{"rendered":"Luco de Jiloca"},"content":{"rendered":"\t\t<div data-elementor-type=\"wp-page\" data-elementor-id=\"3942\" class=\"elementor elementor-3942\">\n\t\t\t\t\t\t<section class=\"elementor-section elementor-top-section elementor-element elementor-element-decffd6 elementor-section-full_width elementor-section-height-default elementor-section-height-default\" data-id=\"decffd6\" data-element_type=\"section\" data-e-type=\"section\">\n\t\t\t\t\t\t<div class=\"elementor-container elementor-column-gap-default\">\n\t\t\t\t\t<div class=\"elementor-column elementor-col-100 elementor-top-column elementor-element elementor-element-49f3e1b\" data-id=\"49f3e1b\" data-element_type=\"column\" data-e-type=\"column\">\n\t\t\t<div class=\"elementor-widget-wrap elementor-element-populated\">\n\t\t\t\t\t\t<div class=\"elementor-element elementor-element-282fc30 elementor-widget elementor-widget-bluhen_core_separator\" data-id=\"282fc30\" data-element_type=\"widget\" data-e-type=\"widget\" data-widget_type=\"bluhen_core_separator.default\">\n\t\t\t\t<div class=\"elementor-widget-container\">\n\t\t\t\t\t<div class=\"qodef-shortcode qodef-m  qodef-separator clear  \">\n\t<div class=\"qodef-m-line\" style=\"border-color: #2F2E30;border-bottom-width: 2px\"><\/div>\n<\/div>\n\t\t\t\t<\/div>\n\t\t\t\t<\/div>\n\t\t\t\t\t<\/div>\n\t\t<\/div>\n\t\t\t\t\t<\/div>\n\t\t<\/section>\n\t\t\t\t<section class=\"elementor-section elementor-top-section elementor-element elementor-element-14f0bf4 elementor-section-full_width qodef-elementor-content-grid elementor-section-height-default elementor-section-height-default\" data-id=\"14f0bf4\" data-element_type=\"section\" data-e-type=\"section\">\n\t\t\t\t\t\t<div class=\"elementor-container elementor-column-gap-no\">\n\t\t\t\t\t<div class=\"elementor-column elementor-col-66 elementor-top-column elementor-element elementor-element-ec945bf\" data-id=\"ec945bf\" data-element_type=\"column\" data-e-type=\"column\">\n\t\t\t<div class=\"elementor-widget-wrap elementor-element-populated\">\n\t\t\t\t\t\t<div class=\"elementor-element elementor-element-778ecd8 elementor-widget elementor-widget-text-editor\" data-id=\"778ecd8\" data-element_type=\"widget\" data-e-type=\"widget\" data-widget_type=\"text-editor.default\">\n\t\t\t\t<div class=\"elementor-widget-container\">\n\t\t\t\t\t\t\t\t\t<p><span style=\"color: #000000;\">C<\/span>uando visitas pueblos de los considerados bonitos y atractivos para el turismo, te das cuenta de que Luco de Jiloca tiene muchos de los alicientes que, a los que tenemos casa en el pueblo, nos parece una suerte y a los que no la tienen o no lo conocen, les gustar\u00eda y atraer\u00eda. Y se preguntar\u00e1n: \u00bfc\u00f3mo es Luco, qu\u00e9 es lo que lo caracteriza? <br \/>Luco tiene patrimonio cultural y natural, Luco tiene tradici\u00f3n, Luco tiene encanto. Luco es peque\u00f1o y esto, lejos de ser un inconveniente es una ventaja, por la tranquilidad, porque es como vivir en familia, porque los ni\u00f1os y ni\u00f1as juegan y corretean a sus anchas, sin peligro. Luco es acogedor y con sus gentes pronto se entabla una especial camarader\u00eda y enseguida puedes tomarte una cerveza y charrar en la Plaza o en el Teleclub. Y no, no es que tenga solo una plaza, tiene varias y alguna es un museo al aire libre como la Plaza de la Agricultura, con ese homenaje que rinden sus espacios diferenciados a aperos y cultivos de otras \u00e9pocas: vid, c\u00e1\u00f1amo\u2026<br \/>La Plaza de los Zarragones te espera en el camino de la estaci\u00f3n, si quieres descansar, tras caminar por una de sus rutas senderistas o ir en bici por la v\u00eda verde, ese Camino Natural Santander- Mediterr\u00e1neo, cuyos puntos kilom\u00e9tricos 16-18 discurren por los parajes de Luco, atravesando su vega y, a veces, el cauce del Jiloca, camino que conduce a una de las joyas patrimoniales de Luco como es el Puente Romano, declarado BIC, en el paraje de Entrambasaguas pues se yergue sobre el r\u00edo Pancrudo, justo antes de desembocar en el r\u00edo Jiloca. De las tres \u00e1reas recreativas de Luco, esta zona del Puente Romano, situada entre sus dos r\u00edos y junto a la majestuosa ermita de Ntra. Sra. del Rosario, patrona de Luco de Jiloca, es la m\u00e1s visitada.<\/p><p>En su patrimonio cultural religioso, adem\u00e1s de la citada ermita, en Luco destacan la de Sta. B\u00e1rbara, hoy centro cultural y de exposiciones, la del Sto. Cristo y, c\u00f3mo no, su espl\u00e9ndida Iglesia Parroquial, bendecida en el S. XVI, con magn\u00edficos retablos manieristas y barrocos.<\/p><p>En su arquitectura civil, sobresale en la Plaza Mayor la Casa Grande, una casa- palacio, digno exponente de las casas solariegas de Arag\u00f3n, que edific\u00f3 en el S. XVII la noble familia de los \u00c1lava. Destacan tambi\u00e9n por sus calles otros edificios se\u00f1oriales con sus portaladas de piedra que atestiguan la importancia que tuvo Luco en los recientes siglos pasados. Su Posada dio a Luco fama gastron\u00f3mica con sus jud\u00edas de cosecha, sus conservas y escabechados. Por no hablar de la variedad de pastas y tortas que las mujeres llevaban a cocer al horno, hoy convertido en Casa Rural, cuando se acercaban sus fiestas patronales de S. F\u00e9lix y de la Virgen del Rosario. Tambi\u00e9n se puede visitar el Lavadero.<br \/>En tiempos pasados en su arquitectura industrial fueron relevantes el martinete de cobre, la chocolater\u00eda Loma, el molino harinero, la f\u00e1brica de luz, la estaci\u00f3n de tren, la herrer\u00eda\u2026<\/p><p>Entre sus tradiciones, hoy la fama se la dan sus recuperados carnavales conocidos como Zarragones que cada a\u00f1o atraen a m\u00e1s personas deseosas de conocerlos.<\/p><p>El encanto que tiene Luco se acrecienta con sus paisajes: sus arboledas, sus arbustos, su cultivada y f\u00e9rtil vega; sus huertos con sus sabrosos tomates, verduras, hortalizas y frutas; sus r\u00edos en los que se puede pescar; sus monta\u00f1as y colinas que est\u00e1n tan a mano, con sus pinares en los que se pueden coger setas de cardo y robellones y entre los que se puede cazar y hacer rutas senderistas andando o en bicicleta. El pantano de Lechago cuya presa est\u00e1 en Luco. El huerto solar, constituido en Comunidad energ\u00e9tica, por iniciativa de unos j\u00f3venes para beneficio de los actuales socios y de los que quieran apuntarse. <br \/>Por tener, tiene desde front\u00f3n a asador, pasando por pabell\u00f3n y sus famosas pe\u00f1as. <br \/>Este es Luco de Jiloca, un pueblo bonito y con encanto que merece ser visitado.<\/p><p>Como dicen sus lemas: \u00a1Siempre Luco! y \u00a1A lo Luco se vive mejor!<\/p>\t\t\t\t\t\t\t\t<\/div>\n\t\t\t\t<\/div>\n\t\t\t\t<div class=\"elementor-element elementor-element-aa4d027 elementor-widget elementor-widget-heading\" data-id=\"aa4d027\" data-element_type=\"widget\" data-e-type=\"widget\" data-widget_type=\"heading.default\">\n\t\t\t\t<div class=\"elementor-widget-container\">\n\t\t\t\t\t<div class=\"elementor-heading-title elementor-size-default\">Pilar Fraj<\/div>\t\t\t\t<\/div>\n\t\t\t\t<\/div>\n\t\t\t\t\t<\/div>\n\t\t<\/div>\n\t\t\t\t<div class=\"elementor-column elementor-col-33 elementor-top-column elementor-element elementor-element-87884f0 qodef-animated-section\" data-id=\"87884f0\" data-element_type=\"column\" data-e-type=\"column\">\n\t\t\t<div class=\"elementor-widget-wrap elementor-element-populated\">\n\t\t\t\t\t\t<div class=\"elementor-element elementor-element-8d14fda elementor-widget elementor-widget-image\" data-id=\"8d14fda\" data-element_type=\"widget\" data-e-type=\"widget\" data-widget_type=\"image.default\">\n\t\t\t\t<div class=\"elementor-widget-container\">\n\t\t\t\t\t\t\t\t\t\t\t\t\t\t\t\t<a href=\"https:\/\/festivalenluquecidos.com\/web2\/wp-content\/uploads\/2023\/06\/Plaza-de-los-Zarragones.jpg\" data-elementor-open-lightbox=\"yes\" data-elementor-lightbox-title=\"Plaza de los Zarragones\" data-e-action-hash=\"#elementor-action%3Aaction%3Dlightbox%26settings%3DeyJpZCI6NzMxOSwidXJsIjoiaHR0cHM6XC9cL2Zlc3RpdmFsZW5sdXF1ZWNpZG9zLmNvbVwvd2ViMlwvd3AtY29udGVudFwvdXBsb2Fkc1wvMjAyM1wvMDZcL1BsYXphLWRlLWxvcy1aYXJyYWdvbmVzLmpwZyJ9\">\n\t\t\t\t\t\t\t<img fetchpriority=\"high\" decoding=\"async\" width=\"900\" height=\"600\" src=\"https:\/\/festivalenluquecidos.com\/web2\/wp-content\/uploads\/2023\/06\/Plaza-de-los-Zarragones.jpg\" class=\"attachment-large size-large wp-image-7319\" alt=\"Plaza de los Zarragones\" srcset=\"https:\/\/festivalenluquecidos.com\/web2\/wp-content\/uploads\/2023\/06\/Plaza-de-los-Zarragones.jpg 900w, https:\/\/festivalenluquecidos.com\/web2\/wp-content\/uploads\/2023\/06\/Plaza-de-los-Zarragones-300x200.jpg 300w, https:\/\/festivalenluquecidos.com\/web2\/wp-content\/uploads\/2023\/06\/Plaza-de-los-Zarragones-768x512.jpg 768w\" sizes=\"(max-width: 900px) 100vw, 900px\" \/>\t\t\t\t\t\t\t\t<\/a>\n\t\t\t\t\t\t\t\t\t\t\t\t\t\t\t<\/div>\n\t\t\t\t<\/div>\n\t\t\t\t<div class=\"elementor-element elementor-element-06a08ac elementor-widget elementor-widget-heading\" data-id=\"06a08ac\" data-element_type=\"widget\" data-e-type=\"widget\" data-widget_type=\"heading.default\">\n\t\t\t\t<div class=\"elementor-widget-container\">\n\t\t\t\t\t<h5 class=\"elementor-heading-title elementor-size-default\">Plaza de los Zarragones en Luco de Jiloca<\/h5>\t\t\t\t<\/div>\n\t\t\t\t<\/div>\n\t\t\t\t<div class=\"elementor-element elementor-element-bf52243 elementor-widget-divider--view-line elementor-widget elementor-widget-divider\" data-id=\"bf52243\" data-element_type=\"widget\" data-e-type=\"widget\" data-widget_type=\"divider.default\">\n\t\t\t\t<div class=\"elementor-widget-container\">\n\t\t\t\t\t\t\t<div class=\"elementor-divider\">\n\t\t\t<span class=\"elementor-divider-separator\">\n\t\t\t\t\t\t<\/span>\n\t\t<\/div>\n\t\t\t\t\t\t<\/div>\n\t\t\t\t<\/div>\n\t\t\t\t<div class=\"elementor-element elementor-element-b232176 elementor-widget elementor-widget-image\" data-id=\"b232176\" data-element_type=\"widget\" data-e-type=\"widget\" data-widget_type=\"image.default\">\n\t\t\t\t<div class=\"elementor-widget-container\">\n\t\t\t\t\t\t\t\t\t\t\t\t\t\t\t\t<a href=\"https:\/\/festivalenluquecidos.com\/web2\/wp-content\/uploads\/2023\/06\/Iglesia-de-la-Asuncion.jpg\" data-elementor-open-lightbox=\"yes\" data-elementor-lightbox-title=\"Iglesia de la Asuncio\u0301n\" data-e-action-hash=\"#elementor-action%3Aaction%3Dlightbox%26settings%3DeyJpZCI6NzMyMCwidXJsIjoiaHR0cHM6XC9cL2Zlc3RpdmFsZW5sdXF1ZWNpZG9zLmNvbVwvd2ViMlwvd3AtY29udGVudFwvdXBsb2Fkc1wvMjAyM1wvMDZcL0lnbGVzaWEtZGUtbGEtQXN1bmNpb24uanBnIn0%3D\">\n\t\t\t\t\t\t\t<img decoding=\"async\" width=\"600\" height=\"900\" src=\"https:\/\/festivalenluquecidos.com\/web2\/wp-content\/uploads\/2023\/06\/Iglesia-de-la-Asuncion.jpg\" class=\"attachment-large size-large wp-image-7320\" alt=\"\" srcset=\"https:\/\/festivalenluquecidos.com\/web2\/wp-content\/uploads\/2023\/06\/Iglesia-de-la-Asuncion.jpg 600w, https:\/\/festivalenluquecidos.com\/web2\/wp-content\/uploads\/2023\/06\/Iglesia-de-la-Asuncion-200x300.jpg 200w\" sizes=\"(max-width: 600px) 100vw, 600px\" \/>\t\t\t\t\t\t\t\t<\/a>\n\t\t\t\t\t\t\t\t\t\t\t\t\t\t\t<\/div>\n\t\t\t\t<\/div>\n\t\t\t\t<div class=\"elementor-element elementor-element-f475287 elementor-widget elementor-widget-heading\" data-id=\"f475287\" data-element_type=\"widget\" data-e-type=\"widget\" data-widget_type=\"heading.default\">\n\t\t\t\t<div class=\"elementor-widget-container\">\n\t\t\t\t\t<h5 class=\"elementor-heading-title elementor-size-default\">Iglesia de la Asunci\u00f3n en Luco de Jiloca<\/h5>\t\t\t\t<\/div>\n\t\t\t\t<\/div>\n\t\t\t\t<div class=\"elementor-element elementor-element-3c03776 elementor-widget-divider--view-line elementor-widget elementor-widget-divider\" data-id=\"3c03776\" data-element_type=\"widget\" data-e-type=\"widget\" data-widget_type=\"divider.default\">\n\t\t\t\t<div class=\"elementor-widget-container\">\n\t\t\t\t\t\t\t<div class=\"elementor-divider\">\n\t\t\t<span class=\"elementor-divider-separator\">\n\t\t\t\t\t\t<\/span>\n\t\t<\/div>\n\t\t\t\t\t\t<\/div>\n\t\t\t\t<\/div>\n\t\t\t\t<div class=\"elementor-element elementor-element-4db02ca elementor-widget elementor-widget-image\" data-id=\"4db02ca\" data-element_type=\"widget\" data-e-type=\"widget\" data-widget_type=\"image.default\">\n\t\t\t\t<div class=\"elementor-widget-container\">\n\t\t\t\t\t\t\t\t\t\t\t\t\t\t\t<img decoding=\"async\" width=\"600\" height=\"900\" src=\"https:\/\/festivalenluquecidos.com\/web2\/wp-content\/uploads\/2023\/06\/Paseo-d-la-riera.jpg\" class=\"attachment-large size-large wp-image-7324\" alt=\"\" srcset=\"https:\/\/festivalenluquecidos.com\/web2\/wp-content\/uploads\/2023\/06\/Paseo-d-la-riera.jpg 600w, https:\/\/festivalenluquecidos.com\/web2\/wp-content\/uploads\/2023\/06\/Paseo-d-la-riera-200x300.jpg 200w\" sizes=\"(max-width: 600px) 100vw, 600px\" \/>\t\t\t\t\t\t\t\t\t\t\t\t\t\t\t<\/div>\n\t\t\t\t<\/div>\n\t\t\t\t<div class=\"elementor-element elementor-element-89f09be elementor-widget elementor-widget-heading\" data-id=\"89f09be\" data-element_type=\"widget\" data-e-type=\"widget\" data-widget_type=\"heading.default\">\n\t\t\t\t<div class=\"elementor-widget-container\">\n\t\t\t\t\t<h5 class=\"elementor-heading-title elementor-size-default\">Paseo de la riera en Luco de Jiloca<\/h5>\t\t\t\t<\/div>\n\t\t\t\t<\/div>\n\t\t\t\t<div class=\"elementor-element elementor-element-4420932 elementor-widget-divider--view-line elementor-widget elementor-widget-divider\" data-id=\"4420932\" data-element_type=\"widget\" data-e-type=\"widget\" data-widget_type=\"divider.default\">\n\t\t\t\t<div class=\"elementor-widget-container\">\n\t\t\t\t\t\t\t<div class=\"elementor-divider\">\n\t\t\t<span class=\"elementor-divider-separator\">\n\t\t\t\t\t\t<\/span>\n\t\t<\/div>\n\t\t\t\t\t\t<\/div>\n\t\t\t\t<\/div>\n\t\t\t\t<div class=\"elementor-element elementor-element-d6a4af2 elementor-widget elementor-widget-google_maps\" data-id=\"d6a4af2\" data-element_type=\"widget\" data-e-type=\"widget\" data-widget_type=\"google_maps.default\">\n\t\t\t\t<div class=\"elementor-widget-container\">\n\t\t\t\t\t\t\t<div class=\"elementor-custom-embed\">\n\t\t\t<iframe loading=\"lazy\"\n\t\t\t\t\tsrc=\"https:\/\/maps.google.com\/maps?q=C.%20las%20Once%2C%206%2C%2044391%20Luco%20de%20Jiloca%2C%20Teruel&#038;t=m&#038;z=13&#038;output=embed&#038;iwloc=near\"\n\t\t\t\t\ttitle=\"C. las Once, 6, 44391 Luco de Jiloca, Teruel\"\n\t\t\t\t\taria-label=\"C. las Once, 6, 44391 Luco de Jiloca, Teruel\"\n\t\t\t><\/iframe>\n\t\t<\/div>\n\t\t\t\t\t\t<\/div>\n\t\t\t\t<\/div>\n\t\t\t\t<div class=\"elementor-element elementor-element-4229f88 elementor-widget elementor-widget-heading\" data-id=\"4229f88\" data-element_type=\"widget\" data-e-type=\"widget\" data-widget_type=\"heading.default\">\n\t\t\t\t<div class=\"elementor-widget-container\">\n\t\t\t\t\t<h5 class=\"elementor-heading-title elementor-size-default\">Localizaci\u00f3n en el mapa de Luco de Jiloca<\/h5>\t\t\t\t<\/div>\n\t\t\t\t<\/div>\n\t\t\t\t\t<\/div>\n\t\t<\/div>\n\t\t\t\t\t<\/div>\n\t\t<\/section>\n\t\t\t\t<\/div>\n\t\t","protected":false},"excerpt":{"rendered":"<p>Cuando visitas pueblos de los considerados bonitos y atractivos para el turismo, te das cuenta de que Luco de Jiloca tiene muchos de los alicientes que, a los que tenemos casa en el pueblo, nos parece una suerte y a los que no la tienen o no lo conocen, les gustar\u00eda y atraer\u00eda. Y se [&hellip;]<\/p>\n","protected":false},"author":2,"featured_media":0,"parent":0,"menu_order":0,"comment_status":"closed","ping_status":"closed","template":"page-full-width.php","meta":{"footnotes":""},"class_list":["post-3942","page","type-page","status-publish","hentry"],"yoast_head":"<!-- This site is optimized with the Yoast SEO plugin v27.5 - https:\/\/yoast.com\/product\/yoast-seo-wordpress\/ -->\n<title>Luco de Jiloca - II Festival Enluquecidos<\/title>\n<meta name=\"robots\" content=\"index, follow, max-snippet:-1, max-image-preview:large, max-video-preview:-1\" \/>\n<link rel=\"canonical\" href=\"https:\/\/festivalenluquecidos.com\/web2\/luco-de-jiloca\/\" \/>\n<meta property=\"og:locale\" content=\"es_ES\" \/>\n<meta property=\"og:type\" content=\"article\" \/>\n<meta property=\"og:title\" content=\"Luco de Jiloca - II Festival Enluquecidos\" \/>\n<meta property=\"og:description\" content=\"Cuando visitas pueblos de los considerados bonitos y atractivos para el turismo, te das cuenta de que Luco de Jiloca tiene muchos de los alicientes que, a los que tenemos casa en el pueblo, nos parece una suerte y a los que no la tienen o no lo conocen, les gustar\u00eda y atraer\u00eda. Y se [&hellip;]\" \/>\n<meta property=\"og:url\" content=\"https:\/\/festivalenluquecidos.com\/web2\/luco-de-jiloca\/\" \/>\n<meta property=\"og:site_name\" content=\"II Festival Enluquecidos\" \/>\n<meta property=\"article:publisher\" content=\"https:\/\/www.facebook.com\/festivalenluquecidos\" \/>\n<meta property=\"article:modified_time\" content=\"2023-06-09T18:22:22+00:00\" \/>\n<meta property=\"og:image\" content=\"https:\/\/festivalenluquecidos.com\/web2\/wp-content\/uploads\/2023\/06\/Plaza-de-los-Zarragones.jpg\" \/>\n<meta name=\"twitter:card\" content=\"summary_large_image\" \/>\n<meta name=\"twitter:label1\" content=\"Tiempo de lectura\" \/>\n\t<meta name=\"twitter:data1\" content=\"4 minutos\" \/>\n<script type=\"application\/ld+json\" class=\"yoast-schema-graph\">{\"@context\":\"https:\\\/\\\/schema.org\",\"@graph\":[{\"@type\":\"WebPage\",\"@id\":\"https:\\\/\\\/festivalenluquecidos.com\\\/web2\\\/luco-de-jiloca\\\/\",\"url\":\"https:\\\/\\\/festivalenluquecidos.com\\\/web2\\\/luco-de-jiloca\\\/\",\"name\":\"Luco de Jiloca - II Festival Enluquecidos\",\"isPartOf\":{\"@id\":\"https:\\\/\\\/festivalenluquecidos.com\\\/web2\\\/#website\"},\"primaryImageOfPage\":{\"@id\":\"https:\\\/\\\/festivalenluquecidos.com\\\/web2\\\/luco-de-jiloca\\\/#primaryimage\"},\"image\":{\"@id\":\"https:\\\/\\\/festivalenluquecidos.com\\\/web2\\\/luco-de-jiloca\\\/#primaryimage\"},\"thumbnailUrl\":\"https:\\\/\\\/festivalenluquecidos.com\\\/web2\\\/wp-content\\\/uploads\\\/2023\\\/06\\\/Plaza-de-los-Zarragones.jpg\",\"datePublished\":\"2022-11-30T13:28:59+00:00\",\"dateModified\":\"2023-06-09T18:22:22+00:00\",\"breadcrumb\":{\"@id\":\"https:\\\/\\\/festivalenluquecidos.com\\\/web2\\\/luco-de-jiloca\\\/#breadcrumb\"},\"inLanguage\":\"es\",\"potentialAction\":[{\"@type\":\"ReadAction\",\"target\":[\"https:\\\/\\\/festivalenluquecidos.com\\\/web2\\\/luco-de-jiloca\\\/\"]}]},{\"@type\":\"ImageObject\",\"inLanguage\":\"es\",\"@id\":\"https:\\\/\\\/festivalenluquecidos.com\\\/web2\\\/luco-de-jiloca\\\/#primaryimage\",\"url\":\"https:\\\/\\\/festivalenluquecidos.com\\\/web2\\\/wp-content\\\/uploads\\\/2023\\\/06\\\/Plaza-de-los-Zarragones.jpg\",\"contentUrl\":\"https:\\\/\\\/festivalenluquecidos.com\\\/web2\\\/wp-content\\\/uploads\\\/2023\\\/06\\\/Plaza-de-los-Zarragones.jpg\"},{\"@type\":\"BreadcrumbList\",\"@id\":\"https:\\\/\\\/festivalenluquecidos.com\\\/web2\\\/luco-de-jiloca\\\/#breadcrumb\",\"itemListElement\":[{\"@type\":\"ListItem\",\"position\":1,\"name\":\"Home\",\"item\":\"https:\\\/\\\/festivalenluquecidos.com\\\/web2\\\/\"},{\"@type\":\"ListItem\",\"position\":2,\"name\":\"Luco de Jiloca\"}]},{\"@type\":\"WebSite\",\"@id\":\"https:\\\/\\\/festivalenluquecidos.com\\\/web2\\\/#website\",\"url\":\"https:\\\/\\\/festivalenluquecidos.com\\\/web2\\\/\",\"name\":\"II Festival Enluquecidos\",\"description\":\"Del 1 al 3 de septiembre Luco de Jiloca, Teruel\",\"publisher\":{\"@id\":\"https:\\\/\\\/festivalenluquecidos.com\\\/web2\\\/#organization\"},\"potentialAction\":[{\"@type\":\"SearchAction\",\"target\":{\"@type\":\"EntryPoint\",\"urlTemplate\":\"https:\\\/\\\/festivalenluquecidos.com\\\/web2\\\/?s={search_term_string}\"},\"query-input\":{\"@type\":\"PropertyValueSpecification\",\"valueRequired\":true,\"valueName\":\"search_term_string\"}}],\"inLanguage\":\"es\"},{\"@type\":\"Organization\",\"@id\":\"https:\\\/\\\/festivalenluquecidos.com\\\/web2\\\/#organization\",\"name\":\"II Festival Enluquecidos\",\"url\":\"https:\\\/\\\/festivalenluquecidos.com\\\/web2\\\/\",\"logo\":{\"@type\":\"ImageObject\",\"inLanguage\":\"es\",\"@id\":\"https:\\\/\\\/festivalenluquecidos.com\\\/web2\\\/#\\\/schema\\\/logo\\\/image\\\/\",\"url\":\"https:\\\/\\\/i0.wp.com\\\/festivalenluquecidos.com\\\/web2\\\/wp-content\\\/uploads\\\/2022\\\/11\\\/logo-enluquecidos.png?fit=370%2C175&ssl=1\",\"contentUrl\":\"https:\\\/\\\/i0.wp.com\\\/festivalenluquecidos.com\\\/web2\\\/wp-content\\\/uploads\\\/2022\\\/11\\\/logo-enluquecidos.png?fit=370%2C175&ssl=1\",\"width\":370,\"height\":175,\"caption\":\"II Festival Enluquecidos\"},\"image\":{\"@id\":\"https:\\\/\\\/festivalenluquecidos.com\\\/web2\\\/#\\\/schema\\\/logo\\\/image\\\/\"},\"sameAs\":[\"https:\\\/\\\/www.facebook.com\\\/festivalenluquecidos\",\"https:\\\/\\\/www.instagram.com\\\/festivalenluquecidos\\\/\"]}]}<\/script>\n<!-- \/ Yoast SEO plugin. -->","yoast_head_json":{"title":"Luco de Jiloca - II Festival Enluquecidos","robots":{"index":"index","follow":"follow","max-snippet":"max-snippet:-1","max-image-preview":"max-image-preview:large","max-video-preview":"max-video-preview:-1"},"canonical":"https:\/\/festivalenluquecidos.com\/web2\/luco-de-jiloca\/","og_locale":"es_ES","og_type":"article","og_title":"Luco de Jiloca - II Festival Enluquecidos","og_description":"Cuando visitas pueblos de los considerados bonitos y atractivos para el turismo, te das cuenta de que Luco de Jiloca tiene muchos de los alicientes que, a los que tenemos casa en el pueblo, nos parece una suerte y a los que no la tienen o no lo conocen, les gustar\u00eda y atraer\u00eda. Y se [&hellip;]","og_url":"https:\/\/festivalenluquecidos.com\/web2\/luco-de-jiloca\/","og_site_name":"II Festival Enluquecidos","article_publisher":"https:\/\/www.facebook.com\/festivalenluquecidos","article_modified_time":"2023-06-09T18:22:22+00:00","og_image":[{"url":"https:\/\/festivalenluquecidos.com\/web2\/wp-content\/uploads\/2023\/06\/Plaza-de-los-Zarragones.jpg","type":"","width":"","height":""}],"twitter_card":"summary_large_image","twitter_misc":{"Tiempo de lectura":"4 minutos"},"schema":{"@context":"https:\/\/schema.org","@graph":[{"@type":"WebPage","@id":"https:\/\/festivalenluquecidos.com\/web2\/luco-de-jiloca\/","url":"https:\/\/festivalenluquecidos.com\/web2\/luco-de-jiloca\/","name":"Luco de Jiloca - II Festival Enluquecidos","isPartOf":{"@id":"https:\/\/festivalenluquecidos.com\/web2\/#website"},"primaryImageOfPage":{"@id":"https:\/\/festivalenluquecidos.com\/web2\/luco-de-jiloca\/#primaryimage"},"image":{"@id":"https:\/\/festivalenluquecidos.com\/web2\/luco-de-jiloca\/#primaryimage"},"thumbnailUrl":"https:\/\/festivalenluquecidos.com\/web2\/wp-content\/uploads\/2023\/06\/Plaza-de-los-Zarragones.jpg","datePublished":"2022-11-30T13:28:59+00:00","dateModified":"2023-06-09T18:22:22+00:00","breadcrumb":{"@id":"https:\/\/festivalenluquecidos.com\/web2\/luco-de-jiloca\/#breadcrumb"},"inLanguage":"es","potentialAction":[{"@type":"ReadAction","target":["https:\/\/festivalenluquecidos.com\/web2\/luco-de-jiloca\/"]}]},{"@type":"ImageObject","inLanguage":"es","@id":"https:\/\/festivalenluquecidos.com\/web2\/luco-de-jiloca\/#primaryimage","url":"https:\/\/festivalenluquecidos.com\/web2\/wp-content\/uploads\/2023\/06\/Plaza-de-los-Zarragones.jpg","contentUrl":"https:\/\/festivalenluquecidos.com\/web2\/wp-content\/uploads\/2023\/06\/Plaza-de-los-Zarragones.jpg"},{"@type":"BreadcrumbList","@id":"https:\/\/festivalenluquecidos.com\/web2\/luco-de-jiloca\/#breadcrumb","itemListElement":[{"@type":"ListItem","position":1,"name":"Home","item":"https:\/\/festivalenluquecidos.com\/web2\/"},{"@type":"ListItem","position":2,"name":"Luco de Jiloca"}]},{"@type":"WebSite","@id":"https:\/\/festivalenluquecidos.com\/web2\/#website","url":"https:\/\/festivalenluquecidos.com\/web2\/","name":"II Festival Enluquecidos","description":"Del 1 al 3 de septiembre Luco de Jiloca, Teruel","publisher":{"@id":"https:\/\/festivalenluquecidos.com\/web2\/#organization"},"potentialAction":[{"@type":"SearchAction","target":{"@type":"EntryPoint","urlTemplate":"https:\/\/festivalenluquecidos.com\/web2\/?s={search_term_string}"},"query-input":{"@type":"PropertyValueSpecification","valueRequired":true,"valueName":"search_term_string"}}],"inLanguage":"es"},{"@type":"Organization","@id":"https:\/\/festivalenluquecidos.com\/web2\/#organization","name":"II Festival Enluquecidos","url":"https:\/\/festivalenluquecidos.com\/web2\/","logo":{"@type":"ImageObject","inLanguage":"es","@id":"https:\/\/festivalenluquecidos.com\/web2\/#\/schema\/logo\/image\/","url":"https:\/\/i0.wp.com\/festivalenluquecidos.com\/web2\/wp-content\/uploads\/2022\/11\/logo-enluquecidos.png?fit=370%2C175&ssl=1","contentUrl":"https:\/\/i0.wp.com\/festivalenluquecidos.com\/web2\/wp-content\/uploads\/2022\/11\/logo-enluquecidos.png?fit=370%2C175&ssl=1","width":370,"height":175,"caption":"II Festival Enluquecidos"},"image":{"@id":"https:\/\/festivalenluquecidos.com\/web2\/#\/schema\/logo\/image\/"},"sameAs":["https:\/\/www.facebook.com\/festivalenluquecidos","https:\/\/www.instagram.com\/festivalenluquecidos\/"]}]}},"_links":{"self":[{"href":"https:\/\/festivalenluquecidos.com\/web2\/wp-json\/wp\/v2\/pages\/3942","targetHints":{"allow":["GET"]}}],"collection":[{"href":"https:\/\/festivalenluquecidos.com\/web2\/wp-json\/wp\/v2\/pages"}],"about":[{"href":"https:\/\/festivalenluquecidos.com\/web2\/wp-json\/wp\/v2\/types\/page"}],"author":[{"embeddable":true,"href":"https:\/\/festivalenluquecidos.com\/web2\/wp-json\/wp\/v2\/users\/2"}],"replies":[{"embeddable":true,"href":"https:\/\/festivalenluquecidos.com\/web2\/wp-json\/wp\/v2\/comments?post=3942"}],"version-history":[{"count":20,"href":"https:\/\/festivalenluquecidos.com\/web2\/wp-json\/wp\/v2\/pages\/3942\/revisions"}],"predecessor-version":[{"id":7327,"href":"https:\/\/festivalenluquecidos.com\/web2\/wp-json\/wp\/v2\/pages\/3942\/revisions\/7327"}],"wp:attachment":[{"href":"https:\/\/festivalenluquecidos.com\/web2\/wp-json\/wp\/v2\/media?parent=3942"}],"curies":[{"name":"wp","href":"https:\/\/api.w.org\/{rel}","templated":true}]}}