{"id":3584,"date":"2022-11-29T10:51:07","date_gmt":"2022-11-29T10:51:07","guid":{"rendered":"https:\/\/bluhen.qodeinteractive.com\/?page_id=3584"},"modified":"2023-06-07T00:12:52","modified_gmt":"2023-06-06T22:12:52","slug":"contacto","status":"publish","type":"page","link":"https:\/\/festivalenluquecidos.com\/web2\/contacto\/","title":{"rendered":"Contacto"},"content":{"rendered":"\t\t<div data-elementor-type=\"wp-page\" data-elementor-id=\"3584\" class=\"elementor elementor-3584\">\n\t\t\t\t\t\t<section class=\"elementor-section elementor-top-section elementor-element elementor-element-3720770 elementor-section-full_width elementor-section-height-default elementor-section-height-default\" data-id=\"3720770\" data-element_type=\"section\" data-e-type=\"section\">\n\t\t\t\t\t\t<div class=\"elementor-container elementor-column-gap-default\">\n\t\t\t\t\t<div class=\"elementor-column elementor-col-100 elementor-top-column elementor-element elementor-element-881dfed\" data-id=\"881dfed\" data-element_type=\"column\" data-e-type=\"column\">\n\t\t\t<div class=\"elementor-widget-wrap elementor-element-populated\">\n\t\t\t\t\t\t<div class=\"elementor-element elementor-element-a153a05 elementor-widget elementor-widget-bluhen_core_google_map\" data-id=\"a153a05\" data-element_type=\"widget\" data-e-type=\"widget\" data-widget_type=\"bluhen_core_google_map.default\">\n\t\t\t\t<div class=\"elementor-widget-container\">\n\t\t\t\t\t<div class=\"qodef-shortcode qodef-m  qodef-google-map  qodef-disable-breakpoint-\">\n\t<div class=\"qodef-m-map\" id=\"qodef-map-id--65\" data-addresses='[\"1251 Broadway, New York, NY 10001, USA\"]' data-pin=https:\/\/festivalenluquecidos.com\/web2\/wp-content\/uploads\/2022\/11\/pin.png data-unique-id=65 data-height=560><\/div>\n<\/div>\n\t\t\t\t<\/div>\n\t\t\t\t<\/div>\n\t\t\t\t\t<\/div>\n\t\t<\/div>\n\t\t\t\t\t<\/div>\n\t\t<\/section>\n\t\t\t\t<section class=\"elementor-section elementor-top-section elementor-element elementor-element-ac2dc49 elementor-section-full_width elementor-section-height-default elementor-section-height-default\" data-id=\"ac2dc49\" data-element_type=\"section\" data-e-type=\"section\">\n\t\t\t\t\t\t<div class=\"elementor-container elementor-column-gap-default\">\n\t\t\t\t\t<div class=\"elementor-column elementor-col-100 elementor-top-column elementor-element elementor-element-bc74d6a\" data-id=\"bc74d6a\" data-element_type=\"column\" data-e-type=\"column\">\n\t\t\t<div class=\"elementor-widget-wrap elementor-element-populated\">\n\t\t\t\t\t\t<div class=\"elementor-element elementor-element-860637b elementor-widget elementor-widget-bluhen_core_text_marquee\" data-id=\"860637b\" data-element_type=\"widget\" data-e-type=\"widget\" data-widget_type=\"bluhen_core_text_marquee.default\">\n\t\t\t\t<div class=\"elementor-widget-container\">\n\t\t\t\t\t<div class=\"qodef-shortcode qodef-m  qodef-text-marquee qodef-text-marquee-842 qodef-layout--default qodef-direction--left\" >\n\t<div class=\"qodef-m-content\" >\n\t\t<div class=\"qodef-m-content-inner\">\n\t\t\t\t\t\t\t<span class=\"qodef-m-text-1\" >\n\t\t\t\t\tContacto\t\t\t\t<\/span>\n\t\t\t\t\t\t\t\t\t\t<span class=\"qodef-m-separator\" >\n\t\t\t\t\t\/\t\t\t\t<\/span>\n\t\t\t\t\t\t\t\t\t\t<span class=\"qodef-m-text-2\" >\n\t\t\t\t\tConsulta\t\t\t\t<\/span>\n\t\t\t\t\t\t\t\t\t\t<span class=\"qodef-m-separator\" >\n\t\t\t\t\t\/\t\t\t\t<\/span>\n\t\t\t\t\t\t\t\t\t\t<span class=\"qodef-m-text-3\" >\n\t\t\t\t\tDudas\t\t\t\t<\/span>\n\t\t\t\t\t\t\t\t\t\t<span class=\"qodef-m-separator\" >\n\t\t\t\t\t\/\t\t\t\t<\/span>\n\t\t\t\t\t<\/div>\n\t<\/div>\n<\/div>\n\t\t\t\t<\/div>\n\t\t\t\t<\/div>\n\t\t\t\t\t<\/div>\n\t\t<\/div>\n\t\t\t\t\t<\/div>\n\t\t<\/section>\n\t\t\t\t<section class=\"elementor-section elementor-top-section elementor-element elementor-element-7e24f329 elementor-section-full_width qodef-elementor-content-grid qodef-extended-grid qodef-extended-grid--left qodef-extended-grid-disabled--1024 elementor-section-height-default elementor-section-height-default\" data-id=\"7e24f329\" data-element_type=\"section\" data-e-type=\"section\">\n\t\t\t\t\t\t<div class=\"elementor-container elementor-column-gap-default\">\n\t\t\t\t\t<div class=\"elementor-column elementor-col-50 elementor-top-column elementor-element elementor-element-3f14bc36 elementor-hidden-tablet elementor-hidden-mobile\" data-id=\"3f14bc36\" data-element_type=\"column\" data-e-type=\"column\">\n\t\t\t<div class=\"elementor-widget-wrap elementor-element-populated\">\n\t\t\t\t\t\t<div class=\"elementor-element elementor-element-7142b78 elementor-widget elementor-widget-image\" data-id=\"7142b78\" data-element_type=\"widget\" data-e-type=\"widget\" data-widget_type=\"image.default\">\n\t\t\t\t<div class=\"elementor-widget-container\">\n\t\t\t\t\t\t\t\t\t\t\t\t\t\t\t<img fetchpriority=\"high\" decoding=\"async\" width=\"600\" height=\"340\" src=\"https:\/\/festivalenluquecidos.com\/web2\/wp-content\/uploads\/2023\/06\/Morsa-1-1.png\" class=\"attachment-large size-large wp-image-7235\" alt=\"Morsa\" srcset=\"https:\/\/festivalenluquecidos.com\/web2\/wp-content\/uploads\/2023\/06\/Morsa-1-1.png 600w, https:\/\/festivalenluquecidos.com\/web2\/wp-content\/uploads\/2023\/06\/Morsa-1-1-300x170.png 300w\" sizes=\"(max-width: 600px) 100vw, 600px\" \/>\t\t\t\t\t\t\t\t\t\t\t\t\t\t\t<\/div>\n\t\t\t\t<\/div>\n\t\t\t\t\t<\/div>\n\t\t<\/div>\n\t\t\t\t<div class=\"elementor-column elementor-col-50 elementor-top-column elementor-element elementor-element-716dff18 qodef-animated-section\" data-id=\"716dff18\" data-element_type=\"column\" data-e-type=\"column\">\n\t\t\t<div class=\"elementor-widget-wrap elementor-element-populated\">\n\t\t\t\t\t\t<section class=\"elementor-section elementor-inner-section elementor-element elementor-element-390b7785 elementor-section-full_width elementor-section-height-default elementor-section-height-default\" data-id=\"390b7785\" data-element_type=\"section\" data-e-type=\"section\">\n\t\t\t\t\t\t<div class=\"elementor-container elementor-column-gap-default\">\n\t\t\t\t\t<div class=\"elementor-column elementor-col-50 elementor-inner-column elementor-element elementor-element-3c2bff7f\" data-id=\"3c2bff7f\" data-element_type=\"column\" data-e-type=\"column\">\n\t\t\t<div class=\"elementor-widget-wrap elementor-element-populated\">\n\t\t\t\t\t\t<div class=\"elementor-element elementor-element-1cb391c elementor-widget elementor-widget-text-editor\" data-id=\"1cb391c\" data-element_type=\"widget\" data-e-type=\"widget\" data-widget_type=\"text-editor.default\">\n\t\t\t\t<div class=\"elementor-widget-container\">\n\t\t\t\t\t\t\t\t\t<p><span style=\"color: #000000;\">Si no tienes amigos o eres de ese tipo de personas que le cuenta sus penas al primero que pasa por la calle este es tu sitio. Tambi\u00e9n si eres artista y te gustar\u00eda participar en pr\u00f3ximas ediciones del festival, o para cualquier otra consulta o duda divina o terrenal que tengas, intentaremos resolverla desde aqu\u00ed con todo el cari\u00f1o. Nos puedes contactar con este formulario.<\/span><\/p>\t\t\t\t\t\t\t\t<\/div>\n\t\t\t\t<\/div>\n\t\t\t\t<div class=\"elementor-element elementor-element-4da69dc elementor-widget elementor-widget-text-editor\" data-id=\"4da69dc\" data-element_type=\"widget\" data-e-type=\"widget\" data-widget_type=\"text-editor.default\">\n\t\t\t\t<div class=\"elementor-widget-container\">\n\t\t\t\t\t\t\t\t\t<h5><span style=\"color: #ff0000;\">Informaci\u00f3n<\/span><\/h5>\t\t\t\t\t\t\t\t<\/div>\n\t\t\t\t<\/div>\n\t\t\t\t<div class=\"elementor-element elementor-element-0f05609 elementor-widget elementor-widget-bluhen_core_info_section\" data-id=\"0f05609\" data-element_type=\"widget\" data-e-type=\"widget\" data-widget_type=\"bluhen_core_info_section.default\">\n\t\t\t\t<div class=\"elementor-widget-container\">\n\t\t\t\t\t<div class=\"qodef-shortcode qodef-m  qodef-info-section qodef-layout--standard\">\n\t<div class=\"qodef-m-info\">\n\t\t\t\t\t\t    <div class=\"qodef-m-text\" >\n        <p>Organiza A.C. Enluquecidos<\/p>    <\/div>\n\t\t\t\t\t<\/div>\n<\/div>\n\t\t\t\t<\/div>\n\t\t\t\t<\/div>\n\t\t\t\t<div class=\"elementor-element elementor-element-396178f elementor-widget elementor-widget-bluhen_core_info_section\" data-id=\"396178f\" data-element_type=\"widget\" data-e-type=\"widget\" data-widget_type=\"bluhen_core_info_section.default\">\n\t\t\t\t<div class=\"elementor-widget-container\">\n\t\t\t\t\t<div class=\"qodef-shortcode qodef-m  qodef-info-section qodef-layout--standard\">\n\t<div class=\"qodef-m-info\">\n\t\t\t\t\t\t    <div class=\"qodef-m-text\" >\n        <p><a href=\"mailto:hola@festivalenluquecidos.com\"><span style=\"color: #000000\">hola@festivalenluquecidos.com<\/span><\/a><\/p>    <\/div>\n\t\t\t\t\t<\/div>\n<\/div>\n\t\t\t\t<\/div>\n\t\t\t\t<\/div>\n\t\t\t\t<div class=\"elementor-element elementor-element-3e495b7 elementor-widget__width-initial elementor-widget-tablet__width-initial elementor-widget-mobile__width-initial elementor-widget elementor-widget-bluhen_core_info_section\" data-id=\"3e495b7\" data-element_type=\"widget\" data-e-type=\"widget\" data-widget_type=\"bluhen_core_info_section.default\">\n\t\t\t\t<div class=\"elementor-widget-container\">\n\t\t\t\t\t<div class=\"qodef-shortcode qodef-m  qodef-info-section qodef-layout--standard\">\n\t<div class=\"qodef-m-info\">\n\t\t\t\t\t\t    <div class=\"qodef-m-text\" >\n        <p>Luco de Jiloca<br \/>Teruel - Espa\u00f1a<\/p><p>\u00a0<\/p>    <\/div>\n\t\t\t\t\t<\/div>\n<\/div>\n\t\t\t\t<\/div>\n\t\t\t\t<\/div>\n\t\t\t\t\t<\/div>\n\t\t<\/div>\n\t\t\t\t<div class=\"elementor-column elementor-col-50 elementor-inner-column elementor-element elementor-element-7d604ea1\" data-id=\"7d604ea1\" data-element_type=\"column\" data-e-type=\"column\">\n\t\t\t<div class=\"elementor-widget-wrap elementor-element-populated\">\n\t\t\t\t\t\t<div class=\"elementor-element elementor-element-cfe9587 elementor-widget elementor-widget-text-editor\" data-id=\"cfe9587\" data-element_type=\"widget\" data-e-type=\"widget\" data-widget_type=\"text-editor.default\">\n\t\t\t\t<div class=\"elementor-widget-container\">\n\t\t\t\t\t\t\t\t\t<h6><span style=\"color: #ff0000;\"><strong>Instagram:<\/strong><\/span><\/h6>\n<h6><a href=\"https:\/\/www.instagram.com\/festivalenluquecidos\/\">https:\/\/www.instagram.com\/festivalenluquecidos\/<\/a><\/h6>\n<h6><span style=\"color: #ff0000;\"><strong>Facebook:<\/strong><\/span><\/h6>\n<h6><span style=\"color: #000000;\">https:\/\/www.facebook.com\/festivalenluquecidos<\/span><\/h6>\t\t\t\t\t\t\t\t<\/div>\n\t\t\t\t<\/div>\n\t\t\t\t\t<\/div>\n\t\t<\/div>\n\t\t\t\t\t<\/div>\n\t\t<\/section>\n\t\t\t\t\t<\/div>\n\t\t<\/div>\n\t\t\t\t\t<\/div>\n\t\t<\/section>\n\t\t\t\t<section class=\"elementor-section elementor-top-section elementor-element elementor-element-23a654c elementor-section-full_width qodef-elementor-content-grid qodef-extended-grid qodef-extended-grid--left qodef-extended-grid-disabled--1024 elementor-section-height-default elementor-section-height-default\" data-id=\"23a654c\" data-element_type=\"section\" data-e-type=\"section\">\n\t\t\t\t\t\t<div class=\"elementor-container elementor-column-gap-default\">\n\t\t\t\t\t<div class=\"elementor-column elementor-col-50 elementor-top-column elementor-element elementor-element-be2fb55 elementor-hidden-tablet elementor-hidden-mobile\" data-id=\"be2fb55\" data-element_type=\"column\" data-e-type=\"column\">\n\t\t\t<div class=\"elementor-widget-wrap\">\n\t\t\t\t\t\t\t<\/div>\n\t\t<\/div>\n\t\t\t\t<div class=\"elementor-column elementor-col-50 elementor-top-column elementor-element elementor-element-9d07c3c qodef-animated-section\" data-id=\"9d07c3c\" data-element_type=\"column\" data-e-type=\"column\">\n\t\t\t<div class=\"elementor-widget-wrap elementor-element-populated\">\n\t\t\t\t\t\t<div class=\"elementor-element elementor-element-6a70934 elementor-widget elementor-widget-text-editor\" data-id=\"6a70934\" data-element_type=\"widget\" data-e-type=\"widget\" data-widget_type=\"text-editor.default\">\n\t\t\t\t<div class=\"elementor-widget-container\">\n\t\t\t\t\t\t\t\t\t<style id=\"wpforms-css-vars-7253\">\n\t\t\t\t#wpforms-7253 {\n\t\t\t\t\n\t\t\t}\n\t\t\t<\/style><div class=\"wpforms-container wpforms-container-full wpforms-render-modern\" id=\"wpforms-7253\"><form id=\"wpforms-form-7253\" class=\"wpforms-validate wpforms-form wpforms-ajax-form\" data-formid=\"7253\" method=\"post\" enctype=\"multipart\/form-data\" action=\"\/web2\/wp-json\/wp\/v2\/pages\/3584\" data-token=\"c3c1c337a3cd14eb08b0a2cba7b93775\" data-token-time=\"1778433462\"><noscript class=\"wpforms-error-noscript\">Por favor, activa JavaScript en tu navegador para completar este formulario.<\/noscript><div id=\"wpforms-error-noscript\" style=\"display: none;\">Por favor, activa JavaScript en tu navegador para completar este formulario.<\/div><div class=\"wpforms-field-container\"><div id=\"wpforms-7253-field_0-container\" class=\"wpforms-field wpforms-field-name\" data-field-id=\"0\"><fieldset><legend class=\"wpforms-field-label\">Nombre <span class=\"wpforms-required-label\" aria-hidden=\"true\">*<\/span><\/legend><div class=\"wpforms-field-row wpforms-field-medium\"><div class=\"wpforms-field-row-block wpforms-first wpforms-one-half\"><input type=\"text\" id=\"wpforms-7253-field_0\" class=\"wpforms-field-name-first wpforms-field-required\" name=\"wpforms[fields][0][first]\" aria-errormessage=\"wpforms-7253-field_0-error\" required><label for=\"wpforms-7253-field_0\" class=\"wpforms-field-sublabel after\">Nombre<\/label><\/div><div class=\"wpforms-field-row-block wpforms-one-half\"><input type=\"text\" id=\"wpforms-7253-field_0-last\" class=\"wpforms-field-name-last wpforms-field-required\" name=\"wpforms[fields][0][last]\" aria-errormessage=\"wpforms-7253-field_0-last-error\" required><label for=\"wpforms-7253-field_0-last\" class=\"wpforms-field-sublabel after\">Apellidos<\/label><\/div><\/div><\/fieldset><\/div><div id=\"wpforms-7253-field_1-container\" class=\"wpforms-field wpforms-field-email\" data-field-id=\"1\"><label class=\"wpforms-field-label\" for=\"wpforms-7253-field_1\">Correo electr\u00f3nico <span class=\"wpforms-required-label\" aria-hidden=\"true\">*<\/span><\/label><input type=\"email\" id=\"wpforms-7253-field_1\" class=\"wpforms-field-small wpforms-field-required\" name=\"wpforms[fields][1]\" spellcheck=\"false\" aria-errormessage=\"wpforms-7253-field_1-error\" required><\/div><div id=\"wpforms-7253-field_2-container\" class=\"wpforms-field wpforms-field-textarea\" data-field-id=\"2\"><label class=\"wpforms-field-label\" for=\"wpforms-7253-field_2\">Comentario o mensaje<\/label><textarea id=\"wpforms-7253-field_2\" class=\"wpforms-field-medium\" name=\"wpforms[fields][2]\" aria-errormessage=\"wpforms-7253-field_2-error\" ><\/textarea><\/div><\/div><!-- .wpforms-field-container --><div class=\"wpforms-submit-container\" ><input type=\"hidden\" name=\"wpforms[id]\" value=\"7253\"><input type=\"hidden\" name=\"page_title\" value=\"\"><input type=\"hidden\" name=\"page_url\" value=\"https:\/\/festivalenluquecidos.com\/web2\/wp-json\/wp\/v2\/pages\/3584\"><input type=\"hidden\" name=\"url_referer\" value=\"\"><button type=\"submit\" name=\"wpforms[submit]\" id=\"wpforms-submit-7253\" class=\"wpforms-submit\" data-alt-text=\"Enviando...\" data-submit-text=\"Enviar\" aria-live=\"assertive\" value=\"wpforms-submit\">Enviar<\/button><img decoding=\"async\" src=\"https:\/\/festivalenluquecidos.com\/web2\/wp-content\/plugins\/wpforms-lite\/assets\/images\/submit-spin.svg\" class=\"wpforms-submit-spinner\" style=\"display: none;\" width=\"26\" height=\"26\" alt=\"Cargando\"><\/div><\/form><\/div>  <!-- .wpforms-container -->\t\t\t\t\t\t\t\t<\/div>\n\t\t\t\t<\/div>\n\t\t\t\t\t<\/div>\n\t\t<\/div>\n\t\t\t\t\t<\/div>\n\t\t<\/section>\n\t\t\t\t<\/div>\n\t\t","protected":false},"excerpt":{"rendered":"<p>Contacto \/ Consulta \/ Dudas \/ Si no tienes amigos o eres de ese tipo de personas que le cuenta sus penas al primero que pasa por la calle este es tu sitio. Tambi\u00e9n si eres artista y te gustar\u00eda participar en pr\u00f3ximas ediciones del festival, o para cualquier otra consulta o duda divina o [&hellip;]<\/p>\n","protected":false},"author":2,"featured_media":7235,"parent":0,"menu_order":0,"comment_status":"closed","ping_status":"closed","template":"page-full-width.php","meta":{"footnotes":""},"class_list":["post-3584","page","type-page","status-publish","has-post-thumbnail","hentry"],"yoast_head":"<!-- This site is optimized with the Yoast SEO plugin v27.5 - https:\/\/yoast.com\/product\/yoast-seo-wordpress\/ -->\n<title>Contacto - II Festival Enluquecidos<\/title>\n<meta name=\"robots\" content=\"index, follow, max-snippet:-1, max-image-preview:large, max-video-preview:-1\" \/>\n<link rel=\"canonical\" href=\"https:\/\/festivalenluquecidos.com\/web2\/contacto\/\" \/>\n<meta property=\"og:locale\" content=\"es_ES\" \/>\n<meta property=\"og:type\" content=\"article\" \/>\n<meta property=\"og:title\" content=\"Contacto - II Festival Enluquecidos\" \/>\n<meta property=\"og:description\" content=\"Contacto \/ Consulta \/ Dudas \/ Si no tienes amigos o eres de ese tipo de personas que le cuenta sus penas al primero que pasa por la calle este es tu sitio. Tambi\u00e9n si eres artista y te gustar\u00eda participar en pr\u00f3ximas ediciones del festival, o para cualquier otra consulta o duda divina o [&hellip;]\" \/>\n<meta property=\"og:url\" content=\"https:\/\/festivalenluquecidos.com\/web2\/contacto\/\" \/>\n<meta property=\"og:site_name\" content=\"II Festival Enluquecidos\" \/>\n<meta property=\"article:publisher\" content=\"https:\/\/www.facebook.com\/festivalenluquecidos\" \/>\n<meta property=\"article:modified_time\" content=\"2023-06-06T22:12:52+00:00\" \/>\n<meta property=\"og:image\" content=\"https:\/\/festivalenluquecidos.com\/web2\/wp-content\/uploads\/2023\/06\/Morsa-1-1.png\" \/>\n\t<meta property=\"og:image:width\" content=\"600\" \/>\n\t<meta property=\"og:image:height\" content=\"340\" \/>\n\t<meta property=\"og:image:type\" content=\"image\/png\" \/>\n<meta name=\"twitter:card\" content=\"summary_large_image\" \/>\n<meta name=\"twitter:label1\" content=\"Tiempo de lectura\" \/>\n\t<meta name=\"twitter:data1\" content=\"1 minuto\" \/>\n<script type=\"application\/ld+json\" class=\"yoast-schema-graph\">{\"@context\":\"https:\\\/\\\/schema.org\",\"@graph\":[{\"@type\":\"WebPage\",\"@id\":\"https:\\\/\\\/festivalenluquecidos.com\\\/web2\\\/contacto\\\/\",\"url\":\"https:\\\/\\\/festivalenluquecidos.com\\\/web2\\\/contacto\\\/\",\"name\":\"Contacto - II Festival Enluquecidos\",\"isPartOf\":{\"@id\":\"https:\\\/\\\/festivalenluquecidos.com\\\/web2\\\/#website\"},\"primaryImageOfPage\":{\"@id\":\"https:\\\/\\\/festivalenluquecidos.com\\\/web2\\\/contacto\\\/#primaryimage\"},\"image\":{\"@id\":\"https:\\\/\\\/festivalenluquecidos.com\\\/web2\\\/contacto\\\/#primaryimage\"},\"thumbnailUrl\":\"https:\\\/\\\/festivalenluquecidos.com\\\/web2\\\/wp-content\\\/uploads\\\/2023\\\/06\\\/Morsa-1-1.png\",\"datePublished\":\"2022-11-29T10:51:07+00:00\",\"dateModified\":\"2023-06-06T22:12:52+00:00\",\"breadcrumb\":{\"@id\":\"https:\\\/\\\/festivalenluquecidos.com\\\/web2\\\/contacto\\\/#breadcrumb\"},\"inLanguage\":\"es\",\"potentialAction\":[{\"@type\":\"ReadAction\",\"target\":[\"https:\\\/\\\/festivalenluquecidos.com\\\/web2\\\/contacto\\\/\"]}]},{\"@type\":\"ImageObject\",\"inLanguage\":\"es\",\"@id\":\"https:\\\/\\\/festivalenluquecidos.com\\\/web2\\\/contacto\\\/#primaryimage\",\"url\":\"https:\\\/\\\/festivalenluquecidos.com\\\/web2\\\/wp-content\\\/uploads\\\/2023\\\/06\\\/Morsa-1-1.png\",\"contentUrl\":\"https:\\\/\\\/festivalenluquecidos.com\\\/web2\\\/wp-content\\\/uploads\\\/2023\\\/06\\\/Morsa-1-1.png\",\"width\":600,\"height\":340,\"caption\":\"Morsa\"},{\"@type\":\"BreadcrumbList\",\"@id\":\"https:\\\/\\\/festivalenluquecidos.com\\\/web2\\\/contacto\\\/#breadcrumb\",\"itemListElement\":[{\"@type\":\"ListItem\",\"position\":1,\"name\":\"Home\",\"item\":\"https:\\\/\\\/festivalenluquecidos.com\\\/web2\\\/\"},{\"@type\":\"ListItem\",\"position\":2,\"name\":\"Contacto\"}]},{\"@type\":\"WebSite\",\"@id\":\"https:\\\/\\\/festivalenluquecidos.com\\\/web2\\\/#website\",\"url\":\"https:\\\/\\\/festivalenluquecidos.com\\\/web2\\\/\",\"name\":\"II Festival Enluquecidos\",\"description\":\"Del 1 al 3 de septiembre Luco de Jiloca, Teruel\",\"publisher\":{\"@id\":\"https:\\\/\\\/festivalenluquecidos.com\\\/web2\\\/#organization\"},\"potentialAction\":[{\"@type\":\"SearchAction\",\"target\":{\"@type\":\"EntryPoint\",\"urlTemplate\":\"https:\\\/\\\/festivalenluquecidos.com\\\/web2\\\/?s={search_term_string}\"},\"query-input\":{\"@type\":\"PropertyValueSpecification\",\"valueRequired\":true,\"valueName\":\"search_term_string\"}}],\"inLanguage\":\"es\"},{\"@type\":\"Organization\",\"@id\":\"https:\\\/\\\/festivalenluquecidos.com\\\/web2\\\/#organization\",\"name\":\"II Festival Enluquecidos\",\"url\":\"https:\\\/\\\/festivalenluquecidos.com\\\/web2\\\/\",\"logo\":{\"@type\":\"ImageObject\",\"inLanguage\":\"es\",\"@id\":\"https:\\\/\\\/festivalenluquecidos.com\\\/web2\\\/#\\\/schema\\\/logo\\\/image\\\/\",\"url\":\"https:\\\/\\\/i0.wp.com\\\/festivalenluquecidos.com\\\/web2\\\/wp-content\\\/uploads\\\/2022\\\/11\\\/logo-enluquecidos.png?fit=370%2C175&ssl=1\",\"contentUrl\":\"https:\\\/\\\/i0.wp.com\\\/festivalenluquecidos.com\\\/web2\\\/wp-content\\\/uploads\\\/2022\\\/11\\\/logo-enluquecidos.png?fit=370%2C175&ssl=1\",\"width\":370,\"height\":175,\"caption\":\"II Festival Enluquecidos\"},\"image\":{\"@id\":\"https:\\\/\\\/festivalenluquecidos.com\\\/web2\\\/#\\\/schema\\\/logo\\\/image\\\/\"},\"sameAs\":[\"https:\\\/\\\/www.facebook.com\\\/festivalenluquecidos\",\"https:\\\/\\\/www.instagram.com\\\/festivalenluquecidos\\\/\"]}]}<\/script>\n<!-- \/ Yoast SEO plugin. -->","yoast_head_json":{"title":"Contacto - II Festival Enluquecidos","robots":{"index":"index","follow":"follow","max-snippet":"max-snippet:-1","max-image-preview":"max-image-preview:large","max-video-preview":"max-video-preview:-1"},"canonical":"https:\/\/festivalenluquecidos.com\/web2\/contacto\/","og_locale":"es_ES","og_type":"article","og_title":"Contacto - II Festival Enluquecidos","og_description":"Contacto \/ Consulta \/ Dudas \/ Si no tienes amigos o eres de ese tipo de personas que le cuenta sus penas al primero que pasa por la calle este es tu sitio. Tambi\u00e9n si eres artista y te gustar\u00eda participar en pr\u00f3ximas ediciones del festival, o para cualquier otra consulta o duda divina o [&hellip;]","og_url":"https:\/\/festivalenluquecidos.com\/web2\/contacto\/","og_site_name":"II Festival Enluquecidos","article_publisher":"https:\/\/www.facebook.com\/festivalenluquecidos","article_modified_time":"2023-06-06T22:12:52+00:00","og_image":[{"width":600,"height":340,"url":"https:\/\/festivalenluquecidos.com\/web2\/wp-content\/uploads\/2023\/06\/Morsa-1-1.png","type":"image\/png"}],"twitter_card":"summary_large_image","twitter_misc":{"Tiempo de lectura":"1 minuto"},"schema":{"@context":"https:\/\/schema.org","@graph":[{"@type":"WebPage","@id":"https:\/\/festivalenluquecidos.com\/web2\/contacto\/","url":"https:\/\/festivalenluquecidos.com\/web2\/contacto\/","name":"Contacto - II Festival Enluquecidos","isPartOf":{"@id":"https:\/\/festivalenluquecidos.com\/web2\/#website"},"primaryImageOfPage":{"@id":"https:\/\/festivalenluquecidos.com\/web2\/contacto\/#primaryimage"},"image":{"@id":"https:\/\/festivalenluquecidos.com\/web2\/contacto\/#primaryimage"},"thumbnailUrl":"https:\/\/festivalenluquecidos.com\/web2\/wp-content\/uploads\/2023\/06\/Morsa-1-1.png","datePublished":"2022-11-29T10:51:07+00:00","dateModified":"2023-06-06T22:12:52+00:00","breadcrumb":{"@id":"https:\/\/festivalenluquecidos.com\/web2\/contacto\/#breadcrumb"},"inLanguage":"es","potentialAction":[{"@type":"ReadAction","target":["https:\/\/festivalenluquecidos.com\/web2\/contacto\/"]}]},{"@type":"ImageObject","inLanguage":"es","@id":"https:\/\/festivalenluquecidos.com\/web2\/contacto\/#primaryimage","url":"https:\/\/festivalenluquecidos.com\/web2\/wp-content\/uploads\/2023\/06\/Morsa-1-1.png","contentUrl":"https:\/\/festivalenluquecidos.com\/web2\/wp-content\/uploads\/2023\/06\/Morsa-1-1.png","width":600,"height":340,"caption":"Morsa"},{"@type":"BreadcrumbList","@id":"https:\/\/festivalenluquecidos.com\/web2\/contacto\/#breadcrumb","itemListElement":[{"@type":"ListItem","position":1,"name":"Home","item":"https:\/\/festivalenluquecidos.com\/web2\/"},{"@type":"ListItem","position":2,"name":"Contacto"}]},{"@type":"WebSite","@id":"https:\/\/festivalenluquecidos.com\/web2\/#website","url":"https:\/\/festivalenluquecidos.com\/web2\/","name":"II Festival Enluquecidos","description":"Del 1 al 3 de septiembre Luco de Jiloca, Teruel","publisher":{"@id":"https:\/\/festivalenluquecidos.com\/web2\/#organization"},"potentialAction":[{"@type":"SearchAction","target":{"@type":"EntryPoint","urlTemplate":"https:\/\/festivalenluquecidos.com\/web2\/?s={search_term_string}"},"query-input":{"@type":"PropertyValueSpecification","valueRequired":true,"valueName":"search_term_string"}}],"inLanguage":"es"},{"@type":"Organization","@id":"https:\/\/festivalenluquecidos.com\/web2\/#organization","name":"II Festival Enluquecidos","url":"https:\/\/festivalenluquecidos.com\/web2\/","logo":{"@type":"ImageObject","inLanguage":"es","@id":"https:\/\/festivalenluquecidos.com\/web2\/#\/schema\/logo\/image\/","url":"https:\/\/i0.wp.com\/festivalenluquecidos.com\/web2\/wp-content\/uploads\/2022\/11\/logo-enluquecidos.png?fit=370%2C175&ssl=1","contentUrl":"https:\/\/i0.wp.com\/festivalenluquecidos.com\/web2\/wp-content\/uploads\/2022\/11\/logo-enluquecidos.png?fit=370%2C175&ssl=1","width":370,"height":175,"caption":"II Festival Enluquecidos"},"image":{"@id":"https:\/\/festivalenluquecidos.com\/web2\/#\/schema\/logo\/image\/"},"sameAs":["https:\/\/www.facebook.com\/festivalenluquecidos","https:\/\/www.instagram.com\/festivalenluquecidos\/"]}]}},"_links":{"self":[{"href":"https:\/\/festivalenluquecidos.com\/web2\/wp-json\/wp\/v2\/pages\/3584","targetHints":{"allow":["GET"]}}],"collection":[{"href":"https:\/\/festivalenluquecidos.com\/web2\/wp-json\/wp\/v2\/pages"}],"about":[{"href":"https:\/\/festivalenluquecidos.com\/web2\/wp-json\/wp\/v2\/types\/page"}],"author":[{"embeddable":true,"href":"https:\/\/festivalenluquecidos.com\/web2\/wp-json\/wp\/v2\/users\/2"}],"replies":[{"embeddable":true,"href":"https:\/\/festivalenluquecidos.com\/web2\/wp-json\/wp\/v2\/comments?post=3584"}],"version-history":[{"count":20,"href":"https:\/\/festivalenluquecidos.com\/web2\/wp-json\/wp\/v2\/pages\/3584\/revisions"}],"predecessor-version":[{"id":7266,"href":"https:\/\/festivalenluquecidos.com\/web2\/wp-json\/wp\/v2\/pages\/3584\/revisions\/7266"}],"wp:featuredmedia":[{"embeddable":true,"href":"https:\/\/festivalenluquecidos.com\/web2\/wp-json\/wp\/v2\/media\/7235"}],"wp:attachment":[{"href":"https:\/\/festivalenluquecidos.com\/web2\/wp-json\/wp\/v2\/media?parent=3584"}],"curies":[{"name":"wp","href":"https:\/\/api.w.org\/{rel}","templated":true}]}}